{"id":33,"date":"2020-02-03T20:55:36","date_gmt":"2020-02-03T20:55:36","guid":{"rendered":"http:\/\/www.tintasflashcanarias.com\/blog\/?page_id=33"},"modified":"2020-02-08T22:06:24","modified_gmt":"2020-02-08T22:06:24","slug":"tintas-y-toner","status":"publish","type":"page","link":"http:\/\/www.tintasflashcanarias.com\/blog\/tintas-y-toner\/","title":{"rendered":"Tintas y T\u00f3ner"},"content":{"rendered":"\n<p>Desde <a href=\"https:\/\/tintasflashcanarias.com\/\">Tintas Flash Canarias<\/a> ofrecemos a nuestros clientes un servicio de personalizado, para poder encontrar la mejor opci\u00f3n que se adapte a sus necesidades.<\/p>\n\n\n\n<p>No solo en los consumibles de impresora tintas\/t\u00f3ner, sino tambi\u00e9n en cualquier otro de nuestros productos y servicios.<\/p>\n\n\n\n<ul><li>Servicio t\u00e9cnico inform\u00e1tico\/telecomunicaciones.<\/li><li>Servicio Hosting Web.<\/li><li>Componentes inform\u00e1ticos de todo tipo.<\/li><\/ul>\n\n\n\n<figure class=\"wp-block-gallery columns-3 is-cropped wp-block-gallery-1 is-layout-flex wp-block-gallery-is-layout-flex\"><ul class=\"blocks-gallery-grid\"><li class=\"blocks-gallery-item\"><figure><img loading=\"lazy\" decoding=\"async\" width=\"774\" height=\"353\" src=\"http:\/\/www.tintasflashcanarias.com\/blog\/wp-content\/uploads\/2020\/02\/2020-02-08_212555.jpg\" alt=\"\" data-id=\"68\" data-full-url=\"http:\/\/www.tintasflashcanarias.com\/blog\/wp-content\/uploads\/2020\/02\/2020-02-08_212555.jpg\" data-link=\"http:\/\/www.tintasflashcanarias.com\/blog\/tintas-y-toner\/2020-02-08_212555\/#main\" class=\"wp-image-68\" srcset=\"http:\/\/www.tintasflashcanarias.com\/blog\/wp-content\/uploads\/2020\/02\/2020-02-08_212555.jpg 774w, http:\/\/www.tintasflashcanarias.com\/blog\/wp-content\/uploads\/2020\/02\/2020-02-08_212555-300x137.jpg 300w, http:\/\/www.tintasflashcanarias.com\/blog\/wp-content\/uploads\/2020\/02\/2020-02-08_212555-768x350.jpg 768w\" sizes=\"(max-width: 774px) 100vw, 774px\" \/><\/figure><\/li><li class=\"blocks-gallery-item\"><figure><img loading=\"lazy\" decoding=\"async\" width=\"1024\" height=\"316\" src=\"http:\/\/www.tintasflashcanarias.com\/blog\/wp-content\/uploads\/2020\/02\/2020-02-08_212641-1024x316.jpg\" alt=\"\" data-id=\"69\" data-full-url=\"http:\/\/www.tintasflashcanarias.com\/blog\/wp-content\/uploads\/2020\/02\/2020-02-08_212641.jpg\" data-link=\"http:\/\/www.tintasflashcanarias.com\/blog\/tintas-y-toner\/2020-02-08_212641\/#main\" class=\"wp-image-69\" srcset=\"http:\/\/www.tintasflashcanarias.com\/blog\/wp-content\/uploads\/2020\/02\/2020-02-08_212641-1024x316.jpg 1024w, http:\/\/www.tintasflashcanarias.com\/blog\/wp-content\/uploads\/2020\/02\/2020-02-08_212641-300x93.jpg 300w, http:\/\/www.tintasflashcanarias.com\/blog\/wp-content\/uploads\/2020\/02\/2020-02-08_212641-768x237.jpg 768w, http:\/\/www.tintasflashcanarias.com\/blog\/wp-content\/uploads\/2020\/02\/2020-02-08_212641.jpg 1121w\" sizes=\"(max-width: 1024px) 100vw, 1024px\" \/><\/figure><\/li><li class=\"blocks-gallery-item\"><figure><img loading=\"lazy\" decoding=\"async\" width=\"789\" height=\"382\" src=\"http:\/\/www.tintasflashcanarias.com\/blog\/wp-content\/uploads\/2020\/02\/2020-02-08_212702.jpg\" alt=\"\" data-id=\"70\" data-full-url=\"http:\/\/www.tintasflashcanarias.com\/blog\/wp-content\/uploads\/2020\/02\/2020-02-08_212702.jpg\" data-link=\"http:\/\/www.tintasflashcanarias.com\/blog\/tintas-y-toner\/2020-02-08_212702\/#main\" class=\"wp-image-70\" srcset=\"http:\/\/www.tintasflashcanarias.com\/blog\/wp-content\/uploads\/2020\/02\/2020-02-08_212702.jpg 789w, http:\/\/www.tintasflashcanarias.com\/blog\/wp-content\/uploads\/2020\/02\/2020-02-08_212702-300x145.jpg 300w, http:\/\/www.tintasflashcanarias.com\/blog\/wp-content\/uploads\/2020\/02\/2020-02-08_212702-768x372.jpg 768w\" sizes=\"(max-width: 789px) 100vw, 789px\" \/><\/figure><\/li><\/ul><\/figure>\n\n\n\n<p>Ofrecemos nuestros servicios y productos en las siete islas (Gran Canaria, Tenerife, Lanzarote, Fuerteventura, La Gomera, El Hierro y La Palma) y contamos con una dilata experiencia en el sector tanto de los consumibles de impresora (tintas\/t\u00f3ner) como en la inform\u00e1tica en general.<\/p>\n\n\n\n<p>Nuestros consumibles de impresora son de la mayor calidad y contamos tanto con la opci\u00f3n de los originales como los compatibles (en diferentes calidades tanto las tintas como los t\u00f3ner).<\/p>\n\n\n\n<p>El servicio de env\u00edo de las <a href=\"https:\/\/tintasflashcanarias.com\/15-cartucho-tinta\">tintas<\/a> y <a href=\"https:\/\/tintasflashcanarias.com\/12-cartucho-toner\">t\u00f3ner<\/a> es totalmente gratis en un periodo de entre 24-48h.<\/p>\n\n\n\n<ul><li>Gran Canaria, Tenerife, Lanzarote y Fuerteventura es de 24h desde la confirmaci\u00f3n del pedido.<\/li><li>La Palma, La Gomera y El Hierro es de 48h desde la confirmaci\u00f3n del pedido.<\/li><\/ul>\n\n\n\n<p>Nuestro objetivo principal es que el cliente pueda recibir sus consumibles de impresora r\u00e1pido y acorde a sus necesidades. <\/p>\n\n\n\n<figure class=\"wp-block-image size-large is-style-default\"><img loading=\"lazy\" decoding=\"async\" width=\"684\" height=\"1024\" src=\"http:\/\/www.tintasflashcanarias.com\/blog\/wp-content\/uploads\/2020\/02\/man-using-a-printer-3201783-684x1024.jpg\" alt=\"\" class=\"wp-image-82\" srcset=\"http:\/\/www.tintasflashcanarias.com\/blog\/wp-content\/uploads\/2020\/02\/man-using-a-printer-3201783-684x1024.jpg 684w, http:\/\/www.tintasflashcanarias.com\/blog\/wp-content\/uploads\/2020\/02\/man-using-a-printer-3201783-200x300.jpg 200w, http:\/\/www.tintasflashcanarias.com\/blog\/wp-content\/uploads\/2020\/02\/man-using-a-printer-3201783-768x1150.jpg 768w, http:\/\/www.tintasflashcanarias.com\/blog\/wp-content\/uploads\/2020\/02\/man-using-a-printer-3201783-1026x1536.jpg 1026w, http:\/\/www.tintasflashcanarias.com\/blog\/wp-content\/uploads\/2020\/02\/man-using-a-printer-3201783-1368x2048.jpg 1368w, http:\/\/www.tintasflashcanarias.com\/blog\/wp-content\/uploads\/2020\/02\/man-using-a-printer-3201783-scaled.jpg 1710w\" sizes=\"(max-width: 684px) 100vw, 684px\" \/><\/figure>\n\n\n\n<p>Tambi\u00e9n tenemos en cuenta la fidelidad de nuestros clientes, por eso en nuestras RRSS ofrecemos todas las novedades y sorteos para que puedan aprovecharse de las mejores ventajas, ofertas y regalos.<\/p>\n\n\n\n<figure class=\"wp-block-embed-facebook wp-block-embed is-type-rich is-provider-facebook\"><div class=\"wp-block-embed__wrapper\">\n<div id=\"fb-root\"><\/div><script async=\"1\" defer=\"1\" crossorigin=\"anonymous\" src=\"https:\/\/connect.facebook.net\/es_ES\/sdk.js#xfbml=1&amp;version=v6.0\"><\/script><div class=\"fb-post\" data-href=\"https:\/\/www.facebook.com\/tintasflashcanarias\/posts\/507373613145417\" data-width=\"750\"><blockquote cite=\"https:\/\/www.facebook.com\/tintasflashcanarias\/posts\/507373613145417\" class=\"fb-xfbml-parse-ignore\"><p>\u00bfQui\u00e9n dijo que los lunes no molaban?Esta semana, al hacer tu pedido haciendo uso de una de nuestras redes&#8230;<\/p>Publicada por <a href=\"https:\/\/www.facebook.com\/tintasflashcanarias\/\">Tintasflashcanarias<\/a> en&nbsp;<a href=\"https:\/\/www.facebook.com\/tintasflashcanarias\/posts\/507373613145417\">Lunes, 7 de octubre de 2019<\/a><\/blockquote><\/div>\n<\/div><\/figure>\n\n\n\n<figure class=\"wp-block-embed-instagram wp-block-embed is-type-rich is-provider-instagram\"><div class=\"wp-block-embed__wrapper\">\n<blockquote class=\"instagram-media\" data-instgrm-captioned data-instgrm-permalink=\"https:\/\/www.instagram.com\/p\/ByUvWihFq29\/?utm_source=ig_embed&amp;utm_campaign=loading\" data-instgrm-version=\"12\" style=\" background:#FFF; border:0; border-radius:3px; box-shadow:0 0 1px 0 rgba(0,0,0,0.5),0 1px 10px 0 rgba(0,0,0,0.15); margin: 1px; max-width:658px; min-width:326px; padding:0; width:99.375%; width:-webkit-calc(100% - 2px); width:calc(100% - 2px);\"><div style=\"padding:16px;\"> <a href=\"https:\/\/www.instagram.com\/p\/ByUvWihFq29\/?utm_source=ig_embed&amp;utm_campaign=loading\" style=\" background:#FFFFFF; line-height:0; padding:0 0; text-align:center; text-decoration:none; width:100%;\" target=\"_blank\"> <div style=\" display: flex; flex-direction: row; align-items: center;\"> <div style=\"background-color: #F4F4F4; border-radius: 50%; flex-grow: 0; height: 40px; margin-right: 14px; width: 40px;\"><\/div> <div style=\"display: flex; flex-direction: column; flex-grow: 1; justify-content: center;\"> <div style=\" background-color: #F4F4F4; border-radius: 4px; flex-grow: 0; height: 14px; margin-bottom: 6px; width: 100px;\"><\/div> <div style=\" background-color: #F4F4F4; border-radius: 4px; flex-grow: 0; height: 14px; width: 60px;\"><\/div><\/div><\/div><div style=\"padding: 19% 0;\"><\/div> <div style=\"display:block; height:50px; margin:0 auto 12px; width:50px;\"><svg width=\"50px\" height=\"50px\" viewBox=\"0 0 60 60\" version=\"1.1\" xmlns=\"https:\/\/www.w3.org\/2000\/svg\" xmlns:xlink=\"https:\/\/www.w3.org\/1999\/xlink\"><g stroke=\"none\" stroke-width=\"1\" fill=\"none\" fill-rule=\"evenodd\"><g transform=\"translate(-511.000000, -20.000000)\" fill=\"#000000\"><g><path d=\"M556.869,30.41 C554.814,30.41 553.148,32.076 553.148,34.131 C553.148,36.186 554.814,37.852 556.869,37.852 C558.924,37.852 560.59,36.186 560.59,34.131 C560.59,32.076 558.924,30.41 556.869,30.41 M541,60.657 C535.114,60.657 530.342,55.887 530.342,50 C530.342,44.114 535.114,39.342 541,39.342 C546.887,39.342 551.658,44.114 551.658,50 C551.658,55.887 546.887,60.657 541,60.657 M541,33.886 C532.1,33.886 524.886,41.1 524.886,50 C524.886,58.899 532.1,66.113 541,66.113 C549.9,66.113 557.115,58.899 557.115,50 C557.115,41.1 549.9,33.886 541,33.886 M565.378,62.101 C565.244,65.022 564.756,66.606 564.346,67.663 C563.803,69.06 563.154,70.057 562.106,71.106 C561.058,72.155 560.06,72.803 558.662,73.347 C557.607,73.757 556.021,74.244 553.102,74.378 C549.944,74.521 548.997,74.552 541,74.552 C533.003,74.552 532.056,74.521 528.898,74.378 C525.979,74.244 524.393,73.757 523.338,73.347 C521.94,72.803 520.942,72.155 519.894,71.106 C518.846,70.057 518.197,69.06 517.654,67.663 C517.244,66.606 516.755,65.022 516.623,62.101 C516.479,58.943 516.448,57.996 516.448,50 C516.448,42.003 516.479,41.056 516.623,37.899 C516.755,34.978 517.244,33.391 517.654,32.338 C518.197,30.938 518.846,29.942 519.894,28.894 C520.942,27.846 521.94,27.196 523.338,26.654 C524.393,26.244 525.979,25.756 528.898,25.623 C532.057,25.479 533.004,25.448 541,25.448 C548.997,25.448 549.943,25.479 553.102,25.623 C556.021,25.756 557.607,26.244 558.662,26.654 C560.06,27.196 561.058,27.846 562.106,28.894 C563.154,29.942 563.803,30.938 564.346,32.338 C564.756,33.391 565.244,34.978 565.378,37.899 C565.522,41.056 565.552,42.003 565.552,50 C565.552,57.996 565.522,58.943 565.378,62.101 M570.82,37.631 C570.674,34.438 570.167,32.258 569.425,30.349 C568.659,28.377 567.633,26.702 565.965,25.035 C564.297,23.368 562.623,22.342 560.652,21.575 C558.743,20.834 556.562,20.326 553.369,20.18 C550.169,20.033 549.148,20 541,20 C532.853,20 531.831,20.033 528.631,20.18 C525.438,20.326 523.257,20.834 521.349,21.575 C519.376,22.342 517.703,23.368 516.035,25.035 C514.368,26.702 513.342,28.377 512.574,30.349 C511.834,32.258 511.326,34.438 511.181,37.631 C511.035,40.831 511,41.851 511,50 C511,58.147 511.035,59.17 511.181,62.369 C511.326,65.562 511.834,67.743 512.574,69.651 C513.342,71.625 514.368,73.296 516.035,74.965 C517.703,76.634 519.376,77.658 521.349,78.425 C523.257,79.167 525.438,79.673 528.631,79.82 C531.831,79.965 532.853,80.001 541,80.001 C549.148,80.001 550.169,79.965 553.369,79.82 C556.562,79.673 558.743,79.167 560.652,78.425 C562.623,77.658 564.297,76.634 565.965,74.965 C567.633,73.296 568.659,71.625 569.425,69.651 C570.167,67.743 570.674,65.562 570.82,62.369 C570.966,59.17 571,58.147 571,50 C571,41.851 570.966,40.831 570.82,37.631\"><\/path><\/g><\/g><\/g><\/svg><\/div><div style=\"padding-top: 8px;\"> <div style=\" color:#3897f0; font-family:Arial,sans-serif; font-size:14px; font-style:normal; font-weight:550; line-height:18px;\"> View this post on Instagram<\/div><\/div><div style=\"padding: 12.5% 0;\"><\/div> <div style=\"display: flex; flex-direction: row; margin-bottom: 14px; align-items: center;\"><div> <div style=\"background-color: #F4F4F4; border-radius: 50%; height: 12.5px; width: 12.5px; transform: translateX(0px) translateY(7px);\"><\/div> <div style=\"background-color: #F4F4F4; height: 12.5px; transform: rotate(-45deg) translateX(3px) translateY(1px); width: 12.5px; flex-grow: 0; margin-right: 14px; margin-left: 2px;\"><\/div> <div style=\"background-color: #F4F4F4; border-radius: 50%; height: 12.5px; width: 12.5px; transform: translateX(9px) translateY(-18px);\"><\/div><\/div><div style=\"margin-left: 8px;\"> <div style=\" background-color: #F4F4F4; border-radius: 50%; flex-grow: 0; height: 20px; width: 20px;\"><\/div> <div style=\" width: 0; height: 0; border-top: 2px solid transparent; border-left: 6px solid #f4f4f4; border-bottom: 2px solid transparent; transform: translateX(16px) translateY(-4px) rotate(30deg)\"><\/div><\/div><div style=\"margin-left: auto;\"> <div style=\" width: 0px; border-top: 8px solid #F4F4F4; border-right: 8px solid transparent; transform: translateY(16px);\"><\/div> <div style=\" background-color: #F4F4F4; flex-grow: 0; height: 12px; width: 16px; transform: translateY(-4px);\"><\/div> <div style=\" width: 0; height: 0; border-top: 8px solid #F4F4F4; border-left: 8px solid transparent; transform: translateY(-4px) translateX(8px);\"><\/div><\/div><\/div><\/a> <p style=\" margin:8px 0 0 0; padding:0 4px;\"> <a href=\"https:\/\/www.instagram.com\/p\/ByUvWihFq29\/?utm_source=ig_embed&amp;utm_campaign=loading\" style=\" color:#000; font-family:Arial,sans-serif; font-size:14px; font-style:normal; font-weight:normal; line-height:17px; text-decoration:none; word-wrap:break-word;\" target=\"_blank\">Aprovecha esta oportunidad y ll\u00e9vate 2 MESES GRATIS de cualquier Hosting Web. Usa el c\u00f3digo descuento: TINTASFLASH https:\/\/sered.net\/ Ademas si no estas familiarizado, nosotros te lo gestionamos todo para que no tengas que preocuparte de nada. info@tintasflashcanarias.com #hostinggratis #alojamientogratis #cupondescuento #webhosting #hostingprestashop #hostingwordpress<\/a><\/p> <p style=\" color:#c9c8cd; font-family:Arial,sans-serif; font-size:14px; line-height:17px; margin-bottom:0; margin-top:8px; overflow:hidden; padding:8px 0 7px; text-align:center; text-overflow:ellipsis; white-space:nowrap;\">A post shared by <a href=\"https:\/\/www.instagram.com\/tintasflashcanarias\/?utm_source=ig_embed&amp;utm_campaign=loading\" style=\" color:#c9c8cd; font-family:Arial,sans-serif; font-size:14px; font-style:normal; font-weight:normal; line-height:17px;\" target=\"_blank\"> Tintas Flash Canarias<\/a> (@tintasflashcanarias) on <time style=\" font-family:Arial,sans-serif; font-size:14px; line-height:17px;\" datetime=\"2019-06-05T10:04:32+00:00\">Jun 5, 2019 at 3:04am PDT<\/time><\/p><\/div><\/blockquote><script async src=\"\/\/www.instagram.com\/embed.js\"><\/script>\n<\/div><\/figure>\n\n\n\n<p>Contamos tambi\u00e9n con Rentig\/Leasing de impresoras, tanto con tintas originales como compatibles para adaptarnos a todo el abanico de posibilidades y dar a nuestros clientes el servicio m\u00e1s personalizado posible.<\/p>\n\n\n\n<p>Atentamente Equipo <a href=\"https:\/\/tintasflashcanarias.com\/\">Tintas Flash Canarias.<\/a><\/p>\n","protected":false},"excerpt":{"rendered":"<p>Desde Tintas Flash Canarias ofrecemos a nuestros clientes un servicio de personalizado, para poder encontrar la mejor opci\u00f3n que se adapte a sus necesidades. No solo en los consumibles de impresora tintas\/t\u00f3ner, sino tambi\u00e9n en cualquier otro de nuestros productos y servicios. Servicio t\u00e9cnico inform\u00e1tico\/telecomunicaciones. Servicio Hosting Web. Componentes inform\u00e1ticos de todo tipo. Ofrecemos nuestros &#8230; <a title=\"Tintas y T\u00f3ner\" class=\"read-more\" href=\"http:\/\/www.tintasflashcanarias.com\/blog\/tintas-y-toner\/\" aria-label=\"M\u00e1s en Tintas y T\u00f3ner\">Leer m\u00e1s<\/a><\/p>\n","protected":false},"author":1,"featured_media":0,"parent":0,"menu_order":0,"comment_status":"closed","ping_status":"closed","template":"","meta":{"footnotes":""},"aioseo_notices":[],"_links":{"self":[{"href":"http:\/\/www.tintasflashcanarias.com\/blog\/wp-json\/wp\/v2\/pages\/33"}],"collection":[{"href":"http:\/\/www.tintasflashcanarias.com\/blog\/wp-json\/wp\/v2\/pages"}],"about":[{"href":"http:\/\/www.tintasflashcanarias.com\/blog\/wp-json\/wp\/v2\/types\/page"}],"author":[{"embeddable":true,"href":"http:\/\/www.tintasflashcanarias.com\/blog\/wp-json\/wp\/v2\/users\/1"}],"replies":[{"embeddable":true,"href":"http:\/\/www.tintasflashcanarias.com\/blog\/wp-json\/wp\/v2\/comments?post=33"}],"version-history":[{"count":8,"href":"http:\/\/www.tintasflashcanarias.com\/blog\/wp-json\/wp\/v2\/pages\/33\/revisions"}],"predecessor-version":[{"id":83,"href":"http:\/\/www.tintasflashcanarias.com\/blog\/wp-json\/wp\/v2\/pages\/33\/revisions\/83"}],"wp:attachment":[{"href":"http:\/\/www.tintasflashcanarias.com\/blog\/wp-json\/wp\/v2\/media?parent=33"}],"curies":[{"name":"wp","href":"https:\/\/api.w.org\/{rel}","templated":true}]}}