{"id":29,"date":"2020-02-03T20:54:55","date_gmt":"2020-02-03T20:54:55","guid":{"rendered":"http:\/\/www.tintasflashcanarias.com\/blog\/?page_id=29"},"modified":"2020-02-08T22:02:57","modified_gmt":"2020-02-08T22:02:57","slug":"informatica-en-general","status":"publish","type":"page","link":"http:\/\/www.tintasflashcanarias.com\/blog\/informatica-en-general\/","title":{"rendered":"Inform\u00e1tica en general"},"content":{"rendered":"\n<p>A nivel de componentes informaticos, asi como en los consumibles de impresora (tintas\/t\u00f3ner), nuestra prioridad es darle al cliente el producto\/servicio que realmente necesite, ni m\u00e1s ni menos.<\/p>\n\n\n\n<p>Guiamos a nuestros clientes por el mejor camino posible para ofrecerles los productos inform\u00e1ticos que mejor se adapten a sus necesidades espec\u00edficas.<\/p>\n\n\n\n<figure class=\"wp-block-gallery columns-2 is-cropped wp-block-gallery-1 is-layout-flex wp-block-gallery-is-layout-flex\"><ul class=\"blocks-gallery-grid\"><li class=\"blocks-gallery-item\"><figure><img loading=\"lazy\" decoding=\"async\" width=\"1024\" height=\"680\" src=\"http:\/\/www.tintasflashcanarias.com\/blog\/wp-content\/uploads\/2020\/02\/pexels-photo-356056-1024x680.jpeg\" alt=\"\" data-id=\"79\" data-full-url=\"http:\/\/www.tintasflashcanarias.com\/blog\/wp-content\/uploads\/2020\/02\/pexels-photo-356056.jpeg\" data-link=\"http:\/\/www.tintasflashcanarias.com\/blog\/informatica-en-general\/pexels-photo-356056\/#main\" class=\"wp-image-79\" srcset=\"http:\/\/www.tintasflashcanarias.com\/blog\/wp-content\/uploads\/2020\/02\/pexels-photo-356056-1024x680.jpeg 1024w, http:\/\/www.tintasflashcanarias.com\/blog\/wp-content\/uploads\/2020\/02\/pexels-photo-356056-300x199.jpeg 300w, http:\/\/www.tintasflashcanarias.com\/blog\/wp-content\/uploads\/2020\/02\/pexels-photo-356056-768x510.jpeg 768w, http:\/\/www.tintasflashcanarias.com\/blog\/wp-content\/uploads\/2020\/02\/pexels-photo-356056-1536x1020.jpeg 1536w, http:\/\/www.tintasflashcanarias.com\/blog\/wp-content\/uploads\/2020\/02\/pexels-photo-356056-2048x1360.jpeg 2048w\" sizes=\"(max-width: 1024px) 100vw, 1024px\" \/><\/figure><\/li><li class=\"blocks-gallery-item\"><figure><img loading=\"lazy\" decoding=\"async\" width=\"1024\" height=\"683\" src=\"http:\/\/www.tintasflashcanarias.com\/blog\/wp-content\/uploads\/2020\/02\/pexels-photo-450035-1024x683.jpeg\" alt=\"\" data-id=\"80\" data-full-url=\"http:\/\/www.tintasflashcanarias.com\/blog\/wp-content\/uploads\/2020\/02\/pexels-photo-450035.jpeg\" data-link=\"http:\/\/www.tintasflashcanarias.com\/blog\/informatica-en-general\/pexels-photo-450035\/#main\" class=\"wp-image-80\" srcset=\"http:\/\/www.tintasflashcanarias.com\/blog\/wp-content\/uploads\/2020\/02\/pexels-photo-450035-1024x683.jpeg 1024w, http:\/\/www.tintasflashcanarias.com\/blog\/wp-content\/uploads\/2020\/02\/pexels-photo-450035-300x200.jpeg 300w, http:\/\/www.tintasflashcanarias.com\/blog\/wp-content\/uploads\/2020\/02\/pexels-photo-450035-768x512.jpeg 768w, http:\/\/www.tintasflashcanarias.com\/blog\/wp-content\/uploads\/2020\/02\/pexels-photo-450035-1536x1024.jpeg 1536w, http:\/\/www.tintasflashcanarias.com\/blog\/wp-content\/uploads\/2020\/02\/pexels-photo-450035-2048x1365.jpeg 2048w\" sizes=\"(max-width: 1024px) 100vw, 1024px\" \/><\/figure><\/li><\/ul><\/figure>\n\n\n\n<p>Contamos con todo tipo de componentes inform\u00e1ticos y con servicio t\u00e9cnico presencial en Gran Canaria en 24-48h y remoto en Tenerife, Lanzarote, Fuerteventura, La Gomera, El Hierro y La Palma.<\/p>\n\n\n\n<p>Algunos de los productos inform\u00e1ticos que ofrecemos son:<\/p>\n\n\n\n<ul><li>Ordenadores (All-in-one, Mini Pcs, port\u00e1tiles, servidores)<\/li><li>Integracion (Cajas, Memorias Ram, CPU, Fuentes de alimentaci\u00f3n, Tarjetas Gr\u00e1ficas, etc..)<\/li><li>Movilidad (Smartphones, Tablets, Ebooks, etc&#8230;)<\/li><li>Perif\u00e9ricos (Impresoras, Esc\u00e1neres, Monitores, teclado, ratones, etc&#8230;)<\/li><li>Oficina (Tintas\/T\u00f3ner, Control de presencia, destructoras, etc&#8230;)<\/li><li>Software (Sistemas operativos, Antivirus, Seguridad, etc&#8230;)<\/li><li>TPV (Cajones, Ordenadores, Monitores, etc..)<\/li><li>Conectividad (Cables, Adaptadores, Telefon\u00eda, Switches, Dom\u00f3tica, etc&#8230;)<\/li><li>Imagen y sonido (Televisores, Altavoces, Auriculares, Micr\u00f3fonos, etc&#8230;)<\/li><li>Gaming (Mandos, Sillas, Mod, etc&#8230;)<\/li><li>Videovigilancia (Analogica, IP, Videoporteros, etc&#8230;)<\/li><\/ul>\n\n\n\n<figure class=\"wp-block-image size-large\"><img loading=\"lazy\" decoding=\"async\" width=\"1024\" height=\"683\" src=\"http:\/\/www.tintasflashcanarias.com\/blog\/wp-content\/uploads\/2020\/02\/black-flat-screen-computer-monitor-1714208-1024x683.jpg\" alt=\"\" class=\"wp-image-78\" srcset=\"http:\/\/www.tintasflashcanarias.com\/blog\/wp-content\/uploads\/2020\/02\/black-flat-screen-computer-monitor-1714208-1024x683.jpg 1024w, http:\/\/www.tintasflashcanarias.com\/blog\/wp-content\/uploads\/2020\/02\/black-flat-screen-computer-monitor-1714208-300x200.jpg 300w, http:\/\/www.tintasflashcanarias.com\/blog\/wp-content\/uploads\/2020\/02\/black-flat-screen-computer-monitor-1714208-768x512.jpg 768w, http:\/\/www.tintasflashcanarias.com\/blog\/wp-content\/uploads\/2020\/02\/black-flat-screen-computer-monitor-1714208-1536x1024.jpg 1536w, http:\/\/www.tintasflashcanarias.com\/blog\/wp-content\/uploads\/2020\/02\/black-flat-screen-computer-monitor-1714208-2048x1365.jpg 2048w\" sizes=\"(max-width: 1024px) 100vw, 1024px\" \/><\/figure>\n\n\n\n<p>Cualquier producto dentro del sector de la inform\u00e1tica y telecomunicaciones podemos ofrecerlos a nuestros cliente, cualquier consulta nos puede contactar aqu\u00ed:<\/p>\n\n\n\n<div class=\"wp-block-button is-style-fill\"><a class=\"wp-block-button__link has-text-color has-background has-vivid-red-background-color\" href=\"https:\/\/tintasflashcanarias.com\/contactenos\" style=\"color:#fbf5f5\" target=\"_blank\" rel=\"noreferrer noopener\"><strong>Contacto<\/strong><\/a><\/div>\n\n\n\n<p>Atentamente Equipo <a href=\"https:\/\/tintasflashcanarias.com\/\">Tintas Flash Canarias<\/a>.<\/p>\n","protected":false},"excerpt":{"rendered":"<p>A nivel de componentes informaticos, asi como en los consumibles de impresora (tintas\/t\u00f3ner), nuestra prioridad es darle al cliente el producto\/servicio que realmente necesite, ni m\u00e1s ni menos. Guiamos a nuestros clientes por el mejor camino posible para ofrecerles los productos inform\u00e1ticos que mejor se adapten a sus necesidades espec\u00edficas. Contamos con todo tipo de &#8230; <a title=\"Inform\u00e1tica en general\" class=\"read-more\" href=\"http:\/\/www.tintasflashcanarias.com\/blog\/informatica-en-general\/\" aria-label=\"M\u00e1s en Inform\u00e1tica en general\">Leer m\u00e1s<\/a><\/p>\n","protected":false},"author":1,"featured_media":0,"parent":0,"menu_order":0,"comment_status":"closed","ping_status":"closed","template":"","meta":{"footnotes":""},"aioseo_notices":[],"_links":{"self":[{"href":"http:\/\/www.tintasflashcanarias.com\/blog\/wp-json\/wp\/v2\/pages\/29"}],"collection":[{"href":"http:\/\/www.tintasflashcanarias.com\/blog\/wp-json\/wp\/v2\/pages"}],"about":[{"href":"http:\/\/www.tintasflashcanarias.com\/blog\/wp-json\/wp\/v2\/types\/page"}],"author":[{"embeddable":true,"href":"http:\/\/www.tintasflashcanarias.com\/blog\/wp-json\/wp\/v2\/users\/1"}],"replies":[{"embeddable":true,"href":"http:\/\/www.tintasflashcanarias.com\/blog\/wp-json\/wp\/v2\/comments?post=29"}],"version-history":[{"count":5,"href":"http:\/\/www.tintasflashcanarias.com\/blog\/wp-json\/wp\/v2\/pages\/29\/revisions"}],"predecessor-version":[{"id":81,"href":"http:\/\/www.tintasflashcanarias.com\/blog\/wp-json\/wp\/v2\/pages\/29\/revisions\/81"}],"wp:attachment":[{"href":"http:\/\/www.tintasflashcanarias.com\/blog\/wp-json\/wp\/v2\/media?parent=29"}],"curies":[{"name":"wp","href":"https:\/\/api.w.org\/{rel}","templated":true}]}}